{"id":1613,"date":"2016-10-27T03:04:42","date_gmt":"2016-10-27T09:04:42","guid":{"rendered":"http:\/\/mrc.skola.edu.mt\/?page_id=1613"},"modified":"2016-10-27T03:18:59","modified_gmt":"2016-10-27T09:18:59","slug":"year-5-2016","status":"publish","type":"page","link":"https:\/\/mrc.skola.edu.mt\/?page_id=1613","title":{"rendered":"Year 5 &#8211; 2016"},"content":{"rendered":"<p><a href=\"http:\/\/mrc.skola.edu.mt\/wp-content\/uploads\/2016\/10\/English-Listening-Comprehension_Pupils-Copy_Yr5-HY2016.pdf\" target=\"_blank\">English Listening Comprehension<\/a><\/p>\n<p><a href=\"http:\/\/mrc.skola.edu.mt\/wp-content\/uploads\/2016\/10\/English-Written_Pupils-Copy_Yr5-HY2016.pdf\">English Written<\/a><\/p>\n<p><a href=\"http:\/\/mrc.skola.edu.mt\/wp-content\/uploads\/2016\/10\/English-Written_Insert_Yr5-HY-2016.pdf\" target=\"_blank\">English Written (Insert)<\/a><\/p>\n<p><a href=\"http:\/\/mrc.skola.edu.mt\/wp-content\/uploads\/2016\/10\/Maths-Mental_Pupils-Paper_Yr5_HY2016.pdf\" target=\"_blank\">Maths Mental<\/a><\/p>\n<p><a href=\"http:\/\/mrc.skola.edu.mt\/wp-content\/uploads\/2016\/10\/Maths-Written_Yr5_HY2016.pdf\" target=\"_blank\">Maths Written<\/a><\/p>\n<p><a href=\"http:\/\/mrc.skola.edu.mt\/wp-content\/uploads\/2016\/10\/Malti-Fehim-mis-Smig\u0127_Karta-tal-Istudent_Yr5-HY2016.pdf\" target=\"_blank\">Malti Fehim mis-Smig\u0127<\/a><\/p>\n<p><a href=\"http:\/\/mrc.skola.edu.mt\/wp-content\/uploads\/2016\/10\/Malti-Il-Qari-u-l-Kitba_Karta-tal-Istudent_Yr5-HY2016.pdf\" target=\"_blank\">Malti il-Qari u Kitba<\/a><\/p>\n<p><a href=\"http:\/\/mrc.skola.edu.mt\/wp-content\/uploads\/2016\/10\/Malti-Il-Qari-u-l-Kitba_Insert_Yr5-HY2016.pdf\" target=\"_blank\">Malti il-Qari u Kitba (Insert)<\/a><\/p>\n<p><a href=\"http:\/\/mrc.skola.edu.mt\/wp-content\/uploads\/2016\/10\/Religjon_Karta-tal-IstudentMaltese-Version_YR5HY2016-Final.pdf\" target=\"_blank\">Reli\u0121jon<\/a><\/p>\n<p><a href=\"http:\/\/mrc.skola.edu.mt\/wp-content\/uploads\/2016\/10\/Religion_Pupils-Copy-English-Version_Yr5-HY2016.pdf\" target=\"_blank\">Religion<\/a><\/p>\n<p><a href=\"http:\/\/mrc.skola.edu.mt\/wp-content\/uploads\/2016\/10\/Social-Studies_Pupils-CopyEnglish-Version_HY2016.pdf\" target=\"_blank\">Social Studies<\/a><\/p>\n<p><a href=\"http:\/\/mrc.skola.edu.mt\/wp-content\/uploads\/2016\/10\/Studji-Socjali_Karta-tal-Istudenti-Maltese-Version_-Yr-5.pdf\" target=\"_blank\">Studji So\u010bjali<\/a><\/p>\n<p>&nbsp;<\/p>\n<p>&nbsp;<\/p>\n<p>&nbsp;<\/p>\n<p>&nbsp;<\/p>\n","protected":false},"excerpt":{"rendered":"<p>English Listening Comprehension English Written English Written (Insert) Maths Mental Maths Written Malti Fehim mis-Smig\u0127 Malti il-Qari u Kitba Malti il-Qari u Kitba (Insert) Reli\u0121jon Religion Social Studies Studji So\u010bjali &nbsp; &nbsp; &nbsp; &nbsp;<\/p>\n","protected":false},"author":1,"featured_media":0,"parent":1337,"menu_order":0,"comment_status":"closed","ping_status":"closed","template":"","meta":{"footnotes":""},"class_list":["post-1613","page","type-page","status-publish","hentry"],"_links":{"self":[{"href":"https:\/\/mrc.skola.edu.mt\/index.php?rest_route=\/wp\/v2\/pages\/1613","targetHints":{"allow":["GET"]}}],"collection":[{"href":"https:\/\/mrc.skola.edu.mt\/index.php?rest_route=\/wp\/v2\/pages"}],"about":[{"href":"https:\/\/mrc.skola.edu.mt\/index.php?rest_route=\/wp\/v2\/types\/page"}],"author":[{"embeddable":true,"href":"https:\/\/mrc.skola.edu.mt\/index.php?rest_route=\/wp\/v2\/users\/1"}],"replies":[{"embeddable":true,"href":"https:\/\/mrc.skola.edu.mt\/index.php?rest_route=%2Fwp%2Fv2%2Fcomments&post=1613"}],"version-history":[{"count":14,"href":"https:\/\/mrc.skola.edu.mt\/index.php?rest_route=\/wp\/v2\/pages\/1613\/revisions"}],"predecessor-version":[{"id":1639,"href":"https:\/\/mrc.skola.edu.mt\/index.php?rest_route=\/wp\/v2\/pages\/1613\/revisions\/1639"}],"up":[{"embeddable":true,"href":"https:\/\/mrc.skola.edu.mt\/index.php?rest_route=\/wp\/v2\/pages\/1337"}],"wp:attachment":[{"href":"https:\/\/mrc.skola.edu.mt\/index.php?rest_route=%2Fwp%2Fv2%2Fmedia&parent=1613"}],"curies":[{"name":"wp","href":"https:\/\/api.w.org\/{rel}","templated":true}]}}