{"id":2838,"date":"2018-04-19T04:07:55","date_gmt":"2018-04-19T10:07:55","guid":{"rendered":"http:\/\/mrc.skola.edu.mt\/?page_id=2838"},"modified":"2018-04-26T02:16:11","modified_gmt":"2018-04-26T08:16:11","slug":"year-4-2018","status":"publish","type":"page","link":"https:\/\/mrc.skola.edu.mt\/?page_id=2838","title":{"rendered":"Year 5 &#8211; 2018"},"content":{"rendered":"<p><a href=\"http:\/\/mrc.skola.edu.mt\/wp-content\/uploads\/2018\/04\/Year-5-1b.-English-Listening-Comprehension-Students-Paper.pdf\">ENGLISH LISTENING COMPREHENSION\u00a0<\/a><\/p>\n<p><a href=\"http:\/\/mrc.skola.edu.mt\/wp-content\/uploads\/2018\/04\/Year-5-1a.-English-Listening-Comprehension-Teachers-Paper.pdf\">ENGLISH LISTENING COMPREHENSION &#8211; TEACHER&#8217;S PAPER<\/a><\/p>\n<p><a href=\"http:\/\/mrc.skola.edu.mt\/wp-content\/uploads\/2018\/04\/Year-5-1c.-Marking-Scheme-English-Listening-Comprehension.pdf\">ENGLISH LISTENING COMPREHENSION &#8211; MARKING SCHEME<\/a><\/p>\n<p><a href=\"http:\/\/mrc.skola.edu.mt\/wp-content\/uploads\/2018\/04\/Year-5-2a.-English-Reading-Comprehension-Language-and-Writing.pdf\">ENGLISH READING COMPREHENSION LANGUAGE AND WRITING<\/a><\/p>\n<p><a href=\"http:\/\/mrc.skola.edu.mt\/wp-content\/uploads\/2018\/04\/Year-5-2b.-English-Reading-Comprehension-Insert.pdf\">ENGLISH READING COMPREHENSION INSERT<\/a><\/p>\n<p><a href=\"http:\/\/mrc.skola.edu.mt\/wp-content\/uploads\/2018\/04\/Year-5-2c.-Marking-Scheme-English-Reading-Comprehension-Language-and-Writing.pdf\">ENGLISH READING COMPREHENSION LANGUAGE AND WRITING &#8211; MARKING SCHEME<\/a><\/p>\n<p><a href=\"http:\/\/mrc.skola.edu.mt\/wp-content\/uploads\/2018\/04\/Yr-5-HY-2018_Malti-Fehim-mis-Smigh_Karta-tal-Istudent.pdf\">MALTI FEHIM MIS-SMIG\u0126<\/a><\/p>\n<p><a href=\"http:\/\/mrc.skola.edu.mt\/wp-content\/uploads\/2018\/04\/Yr-5-HY-2018_Malti-Fehim-mis-Smigh_Karta-tal-Ghalliem.pdf\">MALTI FEHIM MIS-SMIG\u0126 &#8211; KARTA TAL-G\u0126ALLIEM<\/a><\/p>\n<p><a href=\"http:\/\/mrc.skola.edu.mt\/wp-content\/uploads\/2018\/04\/Yr-5-HY-2018_Malti-Fehim-mis-Smigh_L-Iskema-tal-Marki.pdf\">MALTI FEHIM MIS-SMIG\u0126 &#8211; SKEMA TA&#8217; MARKI<\/a><\/p>\n<p><a href=\"http:\/\/mrc.skola.edu.mt\/wp-content\/uploads\/2018\/04\/Yr-5-HY-2018_Malti-Il-Fehim-mill-Qari-u-l-Kitba.pdf\">MALTI FEHIM MILL-QARI U L-KITBA<\/a><\/p>\n<p><a href=\"http:\/\/mrc.skola.edu.mt\/wp-content\/uploads\/2018\/04\/Yr-5-HY-2018_Malti-Il-Fehim-mill-Qari-u-l-Kitba_Insert.pdf\">MALTI FEHIM MILL-QARI U L-KITBA (INSERT)<\/a><\/p>\n<p><a href=\"http:\/\/mrc.skola.edu.mt\/wp-content\/uploads\/2018\/04\/Yr-5-HY-2018_Malti-Il-Fehim-mill-Qari-u-l-Kitba_L-Iskema-tal-Marki.pdf\">MALTI FEHIM MILL-QARI U L-KITBA &#8211; SKEMA TA&#8217; MARKI<\/a><\/p>\n<p><a href=\"http:\/\/mrc.skola.edu.mt\/wp-content\/uploads\/2018\/04\/2.-Mental-Mathematics_Students-Paper1.pdf\">MENTAL MATHS<\/a><\/p>\n<p><a href=\"http:\/\/mrc.skola.edu.mt\/wp-content\/uploads\/2018\/04\/1.-Mental-Mathematics_Teachers-Paper1.pdf\">MENTAL MATHS &#8211; TEACHER&#8217;S PAPER<\/a><\/p>\n<p><a href=\"http:\/\/mrc.skola.edu.mt\/wp-content\/uploads\/2018\/04\/3.-Mathematics_Written-Paper1.pdf\">MATHS WRITTEN\u00a0<\/a><\/p>\n<p><a href=\"http:\/\/mrc.skola.edu.mt\/wp-content\/uploads\/2018\/04\/4.-Mathematics_Year-5_Marking-Scheme.pdf\">MATHS MARKING SCHEME<\/a><\/p>\n<p><a href=\"http:\/\/mrc.skola.edu.mt\/wp-content\/uploads\/2018\/04\/Reli\u0121jon-G\u0127all-\u0126ames-Sena.pdf\">RELI\u0120JON<\/a><\/p>\n<p><a href=\"http:\/\/mrc.skola.edu.mt\/wp-content\/uploads\/2018\/04\/Reli\u0121jon-G\u0127all-\u0126ames-Sena_L-Iskema-tal-Marki.pdf\">RELI\u0120JON &#8211; SKEMA TA&#8217; MARKI<\/a><\/p>\n<p><a href=\"http:\/\/mrc.skola.edu.mt\/wp-content\/uploads\/2018\/04\/Religion-Year-5-English-Version.pdf\">RELIGION\u00a0<\/a><\/p>\n<p><a href=\"http:\/\/mrc.skola.edu.mt\/wp-content\/uploads\/2018\/04\/Religion_-Marking-Scheme_Year-5.pdf\">RELIGION &#8211; MARKING SCHEME<\/a><\/p>\n<p><a href=\"http:\/\/mrc.skola.edu.mt\/wp-content\/uploads\/2018\/04\/Social-Studies-Year-5-English-Version.pdf\">SOCIAL STUDIES<\/a><\/p>\n<p><a href=\"http:\/\/mrc.skola.edu.mt\/wp-content\/uploads\/2018\/04\/Social-Studies_-Marking-Scheme_Year-5.pdf\">SOCIAL STUDIES &#8211; MARKING SCHEME<\/a><\/p>\n<p><a href=\"http:\/\/mrc.skola.edu.mt\/wp-content\/uploads\/2018\/04\/Studji-So\u010bjali-g\u0127all-\u0126ames-Sena.pdf\">STUDJI SO\u010aJALI<\/a><\/p>\n<p><a href=\"http:\/\/mrc.skola.edu.mt\/wp-content\/uploads\/2018\/04\/Studji-So\u010bjali-g\u0127all-\u0126ames-Sena_L-Iskema-tal-Marki.pdf\">STUDJI SO\u010aJALI &#8211; SKEMA TA&#8217; MARKI<\/a><\/p>\n","protected":false},"excerpt":{"rendered":"<p>ENGLISH LISTENING COMPREHENSION\u00a0 ENGLISH LISTENING COMPREHENSION &#8211; TEACHER&#8217;S PAPER ENGLISH LISTENING COMPREHENSION &#8211; MARKING SCHEME ENGLISH READING COMPREHENSION LANGUAGE AND WRITING ENGLISH READING COMPREHENSION INSERT ENGLISH READING COMPREHENSION LANGUAGE AND WRITING &#8211; MARKING SCHEME MALTI FEHIM MIS-SMIG\u0126 MALTI FEHIM MIS-SMIG\u0126 &hellip; <a href=\"https:\/\/mrc.skola.edu.mt\/?page_id=2838\">Continue reading <span class=\"meta-nav\">&rarr;<\/span><\/a><\/p>\n","protected":false},"author":1,"featured_media":0,"parent":2752,"menu_order":0,"comment_status":"closed","ping_status":"closed","template":"","meta":{"footnotes":""},"class_list":["post-2838","page","type-page","status-publish","hentry"],"_links":{"self":[{"href":"https:\/\/mrc.skola.edu.mt\/index.php?rest_route=\/wp\/v2\/pages\/2838","targetHints":{"allow":["GET"]}}],"collection":[{"href":"https:\/\/mrc.skola.edu.mt\/index.php?rest_route=\/wp\/v2\/pages"}],"about":[{"href":"https:\/\/mrc.skola.edu.mt\/index.php?rest_route=\/wp\/v2\/types\/page"}],"author":[{"embeddable":true,"href":"https:\/\/mrc.skola.edu.mt\/index.php?rest_route=\/wp\/v2\/users\/1"}],"replies":[{"embeddable":true,"href":"https:\/\/mrc.skola.edu.mt\/index.php?rest_route=%2Fwp%2Fv2%2Fcomments&post=2838"}],"version-history":[{"count":4,"href":"https:\/\/mrc.skola.edu.mt\/index.php?rest_route=\/wp\/v2\/pages\/2838\/revisions"}],"predecessor-version":[{"id":2892,"href":"https:\/\/mrc.skola.edu.mt\/index.php?rest_route=\/wp\/v2\/pages\/2838\/revisions\/2892"}],"up":[{"embeddable":true,"href":"https:\/\/mrc.skola.edu.mt\/index.php?rest_route=\/wp\/v2\/pages\/2752"}],"wp:attachment":[{"href":"https:\/\/mrc.skola.edu.mt\/index.php?rest_route=%2Fwp%2Fv2%2Fmedia&parent=2838"}],"curies":[{"name":"wp","href":"https:\/\/api.w.org\/{rel}","templated":true}]}}